{"id":3597,"date":"2016-09-11T12:02:26","date_gmt":"2016-09-11T17:02:26","guid":{"rendered":"http:\/\/studentpress.org\/acp\/?page_id=3597"},"modified":"2016-10-26T13:31:59","modified_gmt":"2016-10-26T18:31:59","slug":"2016msoy","status":"publish","type":"page","link":"https:\/\/studentpress.org\/acp\/awards\/2016msoy\/","title":{"rendered":"2016 Multimedia Story of the Year"},"content":{"rendered":"<h3>Multimedia News<\/h3>\n<p><strong><a href=\"https:\/\/amkincaid.atavist.com\/theproblemwiththeproblem\" target=\"_blank\">1. Alex Kincaid<\/a><\/strong><br \/>\nBall Bearings<br \/>\nBall State University<br \/>\nMuncie, Indiana<\/p>\n<p><strong><a href=\"http:\/\/voiceless.nycitynewsservice.com\/\" target=\"_blank\">2. Mar\u00eda S\u00e1nchez D\u00edez<\/a><\/strong><br \/>\nNYCity News Service<br \/>\nCUNY Graduate School of Journalism<br \/>\nNew York, New York<\/p>\n<p><strong><a href=\"http:\/\/unsettling.nycitynewsservice.com\/\" target=\"_blank\">3. Maria Arcel, Christina Nordvang Jensen, Isabel Riofr\u00edo, Kanyakrit Vongkiatkajorn and Marguerite Ward<\/a><\/strong><br \/>\nNYCity News Service<br \/>\nCUNY Graduate School of Journalism<br \/>\nNew York, New York<\/p>\n<p><strong><a href=\"http:\/\/www.thenewshouse.com\/story\/women-stem-programs-navigate-surpass-bias-molehills\" target=\"_blank\">4. Marianna Domingues<\/a><\/strong><br \/>\nThe NewsHouse<br \/>\nSyracuse University<br \/>\nSyracuse, New York<\/p>\n<p><strong><a href=\"http:\/\/dailynorthwestern.com\/2016\/02\/23\/campus\/in-focus-searching-for-safe-spaces\/\" target=\"_blank\">5. Mariana Alfaro<\/a><\/strong><br \/>\nThe Daily Northwestern<br \/>\nNorthwestern University<br \/>\nEvanston, Illinois<\/p>\n<p><strong><a href=\"http:\/\/www.loyolamaroon.com\/10008300\/news\/slidell-residents-stranded-homes-flood-waters-rise\/\" target=\"_blank\">6. Mark T. Robinson<\/a><\/strong><br \/>\nThe Maroon<br \/>\nLoyola University New Orleans<br \/>\nNew Orleans, Louisiana<\/p>\n<p><strong><a href=\"https:\/\/depauliaonline.atavist.com\/sexual-assault-depaul\" target=\"_blank\">7. Rachel Hinton, Shelley Mesch<\/a><\/strong><br \/>\nDePaulia<br \/>\nDePaul University<br \/>\nChicago, Illinois<\/p>\n<p><strong><a href=\"http:\/\/undocumented.dailybruin.com\/\" target=\"_blank\">8. Natalie Delgadillo, Ryan Nelson, Angie Wang, Neil Bedi<\/a><\/strong><br \/>\nDaily Bruin<br \/>\nUniversity of California, Los Angeles<br \/>\nLos Angeles, California<\/p>\n<p><strong><a href=\"http:\/\/collegian.tccd.edu\/?p=29099\" target=\"_blank\">9. Bogdan Sierra Miranda, Jamil Oakford<\/a><\/strong><br \/>\nThe Collegian<br \/>\nTarrant County College<br \/>\nHurst, Texas<\/p>\n<p><strong><a href=\"http:\/\/thecenturytimes.com\/2015\/10\/20\/student-success-day-installation-draws-big-crowds\/\" target=\"_blank\">10. Jacob Bernier<\/a><\/strong><br \/>\nThe Century Times<br \/>\nCentury College<br \/>\nWhite Bear Lake, Minnesota<\/p>\n<p>&nbsp;<\/p>\n<hr \/>\n<h3>Multimedia Feature<\/h3>\n<p><strong><a href=\"http:\/\/india.dailybruin.com\/\" target=\"_blank\">1. Jonaki Mehta, Sonja Bartlett<\/a><\/strong><br \/>\nDaily Bruin<br \/>\nUniversity of California, Los Angeles<br \/>\nLos Angeles, California<\/p>\n<p><strong><a href=\"http:\/\/specials.idsnews.com\/messes-of-meth\/\" target=\"_blank\">2. Mary Katherine Wildeman, Kale Wilk, Olivia Ray<\/a><\/strong><br \/>\nIndiana Daily Student<br \/>\nIndiana University<br \/>\nBloomington, Indiana<\/p>\n<p><strong><a href=\"http:\/\/www.theshorthorn.com\/news\/fighting-for-life-experience-with-rotc\/article_5396f954-ffea-11e5-b2da-7f9126176cf9.html\" target=\"_blank\">3. Marangeli Lopez<\/a><\/strong><br \/>\nThe Shorthorn<br \/>\nUniveristy of Texas at Arlington<br \/>\nArlington, Texas<\/p>\n<p><strong><a href=\"http:\/\/dailytexanonline.com\/features\/the_music_men.html\" target=\"_blank\">4. Staff<\/a><\/strong><br \/>\nDaily Texan<br \/>\nUniveristy of Texas at Austin<br \/>\nAustin, Texas<\/p>\n<p><strong><a href=\"http:\/\/dailynorthwestern.com\/2016\/03\/04\/top-stories\/in-focus-for-students-dealing-with-mental-health-issues-medical-leave-process-presents-obstacles\/\" target=\"_blank\">5. Olivia Exstrum, Daniel Tian, KT Son, Bobby Pillote<\/a><\/strong><br \/>\nThe Daily Northwestern<br \/>\nNorthwestern University<br \/>\nEvanston, Illinois<\/p>\n<p><strong><a href=\"http:\/\/ucmedia.wix.com\/buildingaballet\" target=\"_blank\">6. Mark D&#8217;Andrea, Brevin Couch, Tyler Dunn, Daniel Honerkamp, Ailish Masterston, Andrew Wilkins<\/a><\/strong><br \/>\nNews Media Bureau<br \/>\nUniversity of Cincinnati<br \/>\nCincinnati, Ohio<\/p>\n<p><strong><a href=\"http:\/\/addiction.divided.nyc\/\" target=\"_blank\">7. Staff<\/a><\/strong><br \/>\nNYCity News Service<br \/>\nCUNY Graduate School of Journalism<br \/>\nNew York, New York<\/p>\n<p><strong><a href=\"http:\/\/www.fsunews.com\/story\/entertainment\/2016\/03\/10\/weird-wonderful-world-okeechobee\/81608356\/\" target=\"_blank\">8. Perry Kostidakis, Emil Aceto, Carlo Cavaluzzi<\/a><\/strong><br \/>\nFSView &amp; Florida Flambeau<br \/>\nFlorida State University<br \/>\nTallahassee, Florida<\/p>\n<p><strong><a href=\"http:\/\/theend.nycitynewsservice.com\/\" target=\"_blank\">9. Staff<\/a><\/strong><br \/>\nNYCity News Service<br \/>\nCUNY Graduate School of Journalism<br \/>\nNew York, New York<\/p>\n<p><strong><a href=\"http:\/\/www.elonpendulum.com\/article\/2016\/05\/tiny-homes\" target=\"_blank\">10. Courtney Campbell<\/a><\/strong><br \/>\nThe Pendulum<br \/>\nElon University<br \/>\nElon, North Carolina<\/p>\n<p>&nbsp;<\/p>\n<hr \/>\n<h3>Multimedia Sports<\/h3>\n<p><strong><a href=\"http:\/\/www.idsnews.com\/multimedia\/61665\" target=\"_blank\">1. Lionel Lim, Kiel Perez<\/a><\/strong><br \/>\nIndiana Daily Student<br \/>\nIndiana University<br \/>\nBloomington, Indiana<\/p>\n<p><strong><a href=\"http:\/\/youtu.be\/m_bhzM72eZY\" target=\"_blank\">2. Alan Viramontes<\/a><\/strong><br \/>\nLumberjack<br \/>\nNorthern Arizona University<br \/>\nFlagstaff, Arizona<\/p>\n<p><strong><a href=\"http:\/\/www.theprospectordaily.com\/2016\/02\/09\/the-team-that-made-history\/\" target=\"_blank\">3. Adrian Broaddus, Michaela Roman, Andres Martinez<\/a><\/strong><br \/>\nThe Prospector<br \/>\nThe University of Texas at El Paso<br \/>\nEl Paso, Texas<\/p>\n<p><strong><a href=\"http:\/\/www.bakeru.edu\/orangeline\/specials\/d2finalprojects\/sportstimeline\/\" target=\"_blank\">4. Chad Mullen, Cort Brennan<\/a><\/strong><br \/>\nThe Baker Orange<br \/>\nBaker University<br \/>\nBaldwin City, Kansas<\/p>\n<p><strong><a href=\"http:\/\/www.elonpendulum.com\/article\/2015\/12\/keeping-the-soccer-dream-alive\" target=\"_blank\">5. Jordan Spritzer<\/a><\/strong><br \/>\nThe Pendulum<br \/>\nElon University<br \/>\nElon, North Carolina<\/p>\n<p><strong><a href=\"https:\/\/depauliaonline.atavist.com\/blue-demons-oral-history\" target=\"_blank\">6. Matthew Paras, Kirsten Onsgard, Mariah Woelfel<\/a><\/strong><br \/>\nDePaulia<br \/>\nDePaul<br \/>\nChicago, Illinois<\/p>\n<p><strong><a href=\"http:\/\/www.tulanehullabaloo.com\/sports\/article_6f325414-01ee-11e6-ae21-375e48cb439d.html\" target=\"_blank\">7. Jonathan Harvey<\/a><\/strong><br \/>\nTulane Hullabaloo<br \/>\nTulane University<br \/>\nNew Orleans, Louisiana<\/p>\n<p><strong><a href=\"http:\/\/graphics.dailybruin.com\/the-shot-caller\/\" target=\"_blank\">8. Claire Fahy, Nikhil Gupta<\/a><\/strong><br \/>\nDaily Bruin<br \/>\nUCLA<br \/>\nLos Angeles, California<\/p>\n<p><strong><a href=\"http:\/\/www.nycitynewsservice.com\/twenty-six-point-two\/\" target=\"_blank\">9. Staff<\/a><\/strong><br \/>\nNYCity News Service<br \/>\nCUNY Graduate School of Journalism<br \/>\nNew York, New York<\/p>\n<p><strong><a href=\"http:\/\/www.thedp.com\/article\/2016\/04\/kickboxing-penn-athletes-team-workouts\" target=\"_blank\">10. Cole Jacobson<\/a><\/strong><br \/>\nThe Daily Pennsylvanian<br \/>\nUniversity of Pennsylvania<br \/>\nPhiladelphia, Pennsylvania<\/p>\n<p>&nbsp;<\/p>\n<hr \/>\n<h3>Photo Slideshow<\/h3>\n<p><strong><a href=\"http:\/\/www.mndailyprojects.com\/wrestling\" target=\"_blank\">1. Liam James Doyle<\/a><\/strong><br \/>\nMinnesota Daily<br \/>\nUniversity of Minnesota<br \/>\nMinneapolis, Minnesota<\/p>\n<p><strong><a href=\"https:\/\/www.facebook.com\/mndaily\/photos\/?tab=album&amp;album_id=10153476212564327\" target=\"_blank\">2. Liam James Doyle<\/a><\/strong><br \/>\nMinnesota Daily<br \/>\nUniversity of Minnesota<br \/>\nMinneapolis, Minnesota<\/p>\n<p><strong><a href=\"http:\/\/dailybruin.com\/2016\/04\/20\/rotc2016\/\" target=\"_blank\">3. Kathy Chen<\/a><\/strong><br \/>\nDaily Bruin<br \/>\nUniversity of California, Los Angeles<br \/>\nLos Angeles, California<\/p>\n<p><strong><a href=\"http:\/\/www.theshorthorn.com\/photo-gallery-from-the-front-line-part\/collection_870c9e9e-118b-11e6-a6a5-3b1047bd5cc4.html#1\" target=\"_blank\">4. Daniel Carde<\/a><\/strong><br \/>\nThe Shorthorn<br \/>\nUniversity of Texas at Arlington<br \/>\nArlington, Texas<\/p>\n<p><strong><a href=\"http:\/\/www.dailyiowan.com\/slideshow\/012716trump\/\" target=\"_blank\">5. Brooklynn Kascel, Jordan Gale<\/a><\/strong><br \/>\nThe Daily Iowan<br \/>\nUniversity of Iowa<br \/>\nIowa City, Iowa<\/p>\n<p><strong><a href=\"http:\/\/blogs.gwhatchet.com\/courtside\/2015\/11\/02\/falling-forward-with-gw-baseball\/\" target=\"_blank\">6. Dan Rich<\/a><\/strong><br \/>\nThe GW Hatchet<br \/>\nGeorge Washington University<br \/>\nWashington, District of Columbia<\/p>\n<p><strong><a href=\"http:\/\/www.daily49er.com\/news\/2015\/11\/16\/lighting-the-campus-for-the-city-of-lights\/\" target=\"_blank\">7. Johnny Romero, Ben Hammerton, Edward Singleton<\/a><\/strong><br \/>\nDaily Forty-Niner<br \/>\nCalifornia State University, Long Beach<br \/>\nLong Beach, California<\/p>\n<p><strong><a href=\"http:\/\/baylorlariat.com\/2015\/12\/01\/baylor-class-takes-backpacking-and-camping-trip\/\" target=\"_blank\">8. Richard Hirst<\/a><\/strong><br \/>\nThe Baylor Lariat<br \/>\nBaylor University<br \/>\nWaco, Texas<\/p>\n<p><strong><a href=\"http:\/\/www.thebatt.com\/life-arts\/what-legacy-will-you-leave\/collection_830a2bf4-15a0-11e6-9985-8b9237de7367.html\" target=\"_blank\">9. Alexis Will, Ethan Dias, Kevin Chou<\/a><\/strong><br \/>\nThe Battalion<br \/>\nTexas A&amp;M University<br \/>\nCollege Station, Texas<\/p>\n","protected":false},"excerpt":{"rendered":"<p>Multimedia News 1. Alex Kincaid Ball Bearings Ball State University Muncie, Indiana 2. Mar\u00eda S\u00e1nchez D\u00edez NYCity News Service CUNY Graduate School of Journalism New York, New York 3. Maria Arcel, Christina Nordvang Jensen, Isabel Riofr\u00edo, Kanyakrit Vongkiatkajorn and Marguerite Ward NYCity News Service CUNY Graduate School of Journalism New York, New York 4. Marianna [&hellip;]<\/p>\n","protected":false},"author":1,"featured_media":0,"parent":22,"menu_order":0,"comment_status":"closed","ping_status":"closed","template":"single.php","meta":[],"acf":[],"_links":{"self":[{"href":"https:\/\/studentpress.org\/acp\/wp-json\/wp\/v2\/pages\/3597"}],"collection":[{"href":"https:\/\/studentpress.org\/acp\/wp-json\/wp\/v2\/pages"}],"about":[{"href":"https:\/\/studentpress.org\/acp\/wp-json\/wp\/v2\/types\/page"}],"author":[{"embeddable":true,"href":"https:\/\/studentpress.org\/acp\/wp-json\/wp\/v2\/users\/1"}],"replies":[{"embeddable":true,"href":"https:\/\/studentpress.org\/acp\/wp-json\/wp\/v2\/comments?post=3597"}],"version-history":[{"count":9,"href":"https:\/\/studentpress.org\/acp\/wp-json\/wp\/v2\/pages\/3597\/revisions"}],"predecessor-version":[{"id":3936,"href":"https:\/\/studentpress.org\/acp\/wp-json\/wp\/v2\/pages\/3597\/revisions\/3936"}],"up":[{"embeddable":true,"href":"https:\/\/studentpress.org\/acp\/wp-json\/wp\/v2\/pages\/22"}],"wp:attachment":[{"href":"https:\/\/studentpress.org\/acp\/wp-json\/wp\/v2\/media?parent=3597"}],"curies":[{"name":"wp","href":"https:\/\/api.w.org\/{rel}","templated":true}]}}